{"id":1679,"date":"2020-01-14T17:00:44","date_gmt":"2020-01-14T16:00:44","guid":{"rendered":"https:\/\/www-beta.myflyingbox.com\/?page_id=1679"},"modified":"2024-04-26T09:36:59","modified_gmt":"2024-04-26T07:36:59","slug":"contact-2","status":"publish","type":"page","link":"https:\/\/www.myflyingbox.com\/en\/contact-us\/","title":{"rendered":"Contact Us"},"content":{"rendered":"<p>[et_pb_section fb_built=\u00a0\u00bb1&Prime; admin_label=\u00a0\u00bbHeader\u00a0\u00bb _builder_version=\u00a0\u00bb4.22.2&Prime; custom_margin=\u00a0\u00bb||0px||false|false\u00a0\u00bb custom_padding=\u00a0\u00bb0px||0px||false|false\u00a0\u00bb bottom_divider_style=\u00a0\u00bbslant\u00a0\u00bb bottom_divider_color=\u00a0\u00bb#ffffff\u00a0\u00bb bottom_divider_height=\u00a0\u00bb50vw\u00a0\u00bb bottom_divider_flip=\u00a0\u00bbhorizontal\u00a0\u00bb da_disable_devices=\u00a0\u00bboff|off|off\u00a0\u00bb locked=\u00a0\u00bboff\u00a0\u00bb global_colors_info=\u00a0\u00bb{}\u00a0\u00bb da_is_popup=\u00a0\u00bboff\u00a0\u00bb da_exit_intent=\u00a0\u00bboff\u00a0\u00bb da_has_close=\u00a0\u00bbon\u00a0\u00bb da_alt_close=\u00a0\u00bboff\u00a0\u00bb da_dark_close=\u00a0\u00bboff\u00a0\u00bb da_not_modal=\u00a0\u00bbon\u00a0\u00bb da_is_singular=\u00a0\u00bboff\u00a0\u00bb da_with_loader=\u00a0\u00bboff\u00a0\u00bb da_has_shadow=\u00a0\u00bbon\u00a0\u00bb][et_pb_row column_structure=\u00a0\u00bb1_2,1_2&Prime; make_equal=\u00a0\u00bbon\u00a0\u00bb _builder_version=\u00a0\u00bb4.22.2&Prime; background_color=\u00a0\u00bbrgba(255,255,255,0.63)\u00a0\u00bb width=\u00a0\u00bb100%\u00a0\u00bb max_width=\u00a0\u00bb1910px\u00a0\u00bb custom_margin=\u00a0\u00bb0px||0px||false|false\u00a0\u00bb custom_padding=\u00a0\u00bb0px||0px||true|false\u00a0\u00bb box_shadow_style=\u00a0\u00bbpreset3&Prime; box_shadow_vertical=\u00a0\u00bb26px\u00a0\u00bb box_shadow_blur=\u00a0\u00bb90px\u00a0\u00bb box_shadow_spread=\u00a0\u00bb-14px\u00a0\u00bb box_shadow_color=\u00a0\u00bbrgba(0,71,214,0.18)\u00a0\u00bb locked=\u00a0\u00bboff\u00a0\u00bb global_colors_info=\u00a0\u00bb{}\u00a0\u00bb box_shadow_vertical__hover=\u00a0\u00bb10px\u00a0\u00bb box_shadow_vertical__hover_enabled=\u00a0\u00bboff\u00a0\u00bb box_shadow_blur__hover=\u00a0\u00bb20px\u00a0\u00bb box_shadow_blur__hover_enabled=\u00a0\u00bboff\u00a0\u00bb box_shadow_color__hover=\u00a0\u00bb#2585b2&Prime;][et_pb_column type=\u00a0\u00bb1_2&Prime; _builder_version=\u00a0\u00bb4.22.2&Prime; use_background_color_gradient=\u00a0\u00bbon\u00a0\u00bb background_color_gradient_direction=\u00a0\u00bb160deg\u00a0\u00bb background_color_gradient_stops=\u00a0\u00bb#5c76ea 0%|#5c76ea 100%\u00a0\u00bb background_color_gradient_start=\u00a0\u00bb#45b2ff\u00a0\u00bb background_color_gradient_end=\u00a0\u00bb#0047d6&Prime; background_image=\u00a0\u00bbhttps:\/\/www.myflyingbox.com\/wp-content\/uploads\/2023\/10\/fond-road.png\u00a0\u00bb custom_padding=\u00a0\u00bb|60px|14vw|60px|false|true\u00a0\u00bb custom_padding_tablet=\u00a0\u00bb40px|30px|40px|30px|true|true\u00a0\u00bb custom_padding_phone=\u00a0\u00bb30px|20px|30px|20px|true|true\u00a0\u00bb custom_padding_last_edited=\u00a0\u00bbon|phone\u00a0\u00bb global_colors_info=\u00a0\u00bb{}\u00a0\u00bb][et_pb_text _builder_version=\u00a0\u00bb4.22.2&Prime; text_font=\u00a0\u00bb||||||||\u00a0\u00bb text_font_size=\u00a0\u00bb17px\u00a0\u00bb text_line_height=\u00a0\u00bb1.8em\u00a0\u00bb header_2_font=\u00a0\u00bbPoppins|600|||||||\u00a0\u00bb header_2_text_align=\u00a0\u00bbcenter\u00a0\u00bb header_2_text_color=\u00a0\u00bb#FFFFFF\u00a0\u00bb header_2_font_size=\u00a0\u00bb70px\u00a0\u00bb background_layout=\u00a0\u00bbdark\u00a0\u00bb custom_margin=\u00a0\u00bb17%||20px||false|false\u00a0\u00bb text_font_size_tablet=\u00a0\u00bb17px\u00a0\u00bb text_font_size_phone=\u00a0\u00bb14px\u00a0\u00bb text_font_size_last_edited=\u00a0\u00bbon|phone\u00a0\u00bb header_2_font_size_tablet=\u00a0\u00bb60px\u00a0\u00bb header_2_font_size_phone=\u00a0\u00bb36px\u00a0\u00bb header_2_font_size_last_edited=\u00a0\u00bbon|desktop\u00a0\u00bb locked=\u00a0\u00bboff\u00a0\u00bb global_colors_info=\u00a0\u00bb{}\u00a0\u00bb]<\/p>\n<h2>Contact us<\/h2>\n<p>[\/et_pb_text][et_pb_divider color=\u00a0\u00bb#EDF000&Prime; divider_weight=\u00a0\u00bb3px\u00a0\u00bb _builder_version=\u00a0\u00bb4.22.2&Prime; _module_preset=\u00a0\u00bbdefault\u00a0\u00bb width=\u00a0\u00bb14%\u00a0\u00bb module_alignment=\u00a0\u00bbcenter\u00a0\u00bb custom_margin=\u00a0\u00bb0px||0px||false|false\u00a0\u00bb custom_padding=\u00a0\u00bb0px|0px|0px|0px|false|false\u00a0\u00bb module_alignment_tablet=\u00a0\u00bbcenter\u00a0\u00bb module_alignment_phone=\u00a0\u00bbcenter\u00a0\u00bb module_alignment_last_edited=\u00a0\u00bbon|phone\u00a0\u00bb locked=\u00a0\u00bboff\u00a0\u00bb global_colors_info=\u00a0\u00bb{}\u00a0\u00bb][\/et_pb_divider][et_pb_text _builder_version=\u00a0\u00bb4.22.2&Prime; _module_preset=\u00a0\u00bbdefault\u00a0\u00bb text_font=\u00a0\u00bbPoppins||||||||\u00a0\u00bb custom_margin=\u00a0\u00bb50px||20px||false|false\u00a0\u00bb global_colors_info=\u00a0\u00bb{}\u00a0\u00bb]<\/p>\n<div class=\"container-info-contact\">\n<div class=\"hours\">\n            <img decoding=\"async\" src=\"https:\/\/www.myflyingbox.com\/wp-content\/uploads\/2023\/11\/clock.svg \" alt=\"ic\u00f4ne-horloge\"><br \/>\n            <\/p>\n<p>from Monday to Friday<br \/>8:30 a.m. to 6:30 p.m.<\/p>\n<\/p><\/div>\n<div class=\"mail\">\n            <img decoding=\"async\" src=\"https:\/\/www.myflyingbox.com\/wp-content\/uploads\/2023\/11\/phone.svg\" alt=\"ic\u00f4ne-t\u00e9l\u00e9phone\"><br \/>\n            <\/p>\n<p>Customer Service<br \/><a href=\"tel: 33422131828\">+33 4.22.13.18.28<\/a><\/p>\n<\/p><\/div>\n<\/p><\/div>\n<p>[\/et_pb_text][\/et_pb_column][et_pb_column type=\u00a0\u00bb1_2&Prime; _builder_version=\u00a0\u00bb4.22.2&Prime; background_color=\u00a0\u00bb#FFFFFF\u00a0\u00bb custom_padding=\u00a0\u00bb0px|60px|0px||false|false\u00a0\u00bb custom_padding_tablet=\u00a0\u00bb0vw|30px|40px|30px|false|true\u00a0\u00bb custom_padding_phone=\u00a0\u00bb|20px||20px|false|true\u00a0\u00bb custom_padding_last_edited=\u00a0\u00bbon|desktop\u00a0\u00bb global_colors_info=\u00a0\u00bb{}\u00a0\u00bb][et_pb_code _builder_version=\u00a0\u00bb4.24.2&Prime; _module_preset=\u00a0\u00bbdefault\u00a0\u00bb custom_margin=\u00a0\u00bb10%||||false|false\u00a0\u00bb locked=\u00a0\u00bboff\u00a0\u00bb global_colors_info=\u00a0\u00bb{}\u00a0\u00bb] <!-- [et_pb_line_break_holder] --><!-- [et_pb_line_break_holder] --> <!-- [et_pb_line_break_holder] --><script charset=\"utf-8\" type=\"text\/javascript\" src=\"\/\/js.hsforms.net\/forms\/embed\/v2.js\"><\/script><!-- [et_pb_line_break_holder] --><script><!-- [et_pb_line_break_holder] -->  hbspt.forms.create({<!-- [et_pb_line_break_holder] -->    region: \"na1\",<!-- [et_pb_line_break_holder] -->    portalId: \"6636965\",<!-- [et_pb_line_break_holder] -->    formId: \"a8e06ea8-4955-4539-bbda-d400b104dd55\"<!-- [et_pb_line_break_holder] -->  });<!-- [et_pb_line_break_holder] --><\/script><!-- [et_pb_line_break_holder] --> <!-- [et_pb_line_break_holder] -->[\/et_pb_code][\/et_pb_column][\/et_pb_row][\/et_pb_section][et_pb_section fb_built=\u00a0\u00bb1&Prime; admin_label=\u00a0\u00bbSection\u00a0\u00bb _builder_version=\u00a0\u00bb4.22.1&Prime; background_color=\u00a0\u00bb#242424&Prime; custom_padding=\u00a0\u00bb25px||25px||false|false\u00a0\u00bb da_disable_devices=\u00a0\u00bboff|off|off\u00a0\u00bb global_module=\u00a0\u00bb249&Prime; saved_tabs=\u00a0\u00bball\u00a0\u00bb locked=\u00a0\u00bboff\u00a0\u00bb collapsed=\u00a0\u00bboff\u00a0\u00bb global_colors_info=\u00a0\u00bb{}\u00a0\u00bb da_is_popup=\u00a0\u00bboff\u00a0\u00bb da_exit_intent=\u00a0\u00bboff\u00a0\u00bb da_has_close=\u00a0\u00bbon\u00a0\u00bb da_alt_close=\u00a0\u00bboff\u00a0\u00bb da_dark_close=\u00a0\u00bboff\u00a0\u00bb da_not_modal=\u00a0\u00bbon\u00a0\u00bb da_is_singular=\u00a0\u00bboff\u00a0\u00bb da_with_loader=\u00a0\u00bboff\u00a0\u00bb da_has_shadow=\u00a0\u00bbon\u00a0\u00bb][et_pb_row column_structure=\u00a0\u00bb1_4,1_4,1_4,1_4&Prime; _builder_version=\u00a0\u00bb4.21.0&Prime; collapsed=\u00a0\u00bboff\u00a0\u00bb global_colors_info=\u00a0\u00bb{}\u00a0\u00bb][et_pb_column type=\u00a0\u00bb1_4&Prime; _builder_version=\u00a0\u00bb4.16&Prime; global_colors_info=\u00a0\u00bb{}\u00a0\u00bb][et_pb_text _builder_version=\u00a0\u00bb4.21.0&Prime; text_font=\u00a0\u00bbPoppins||||||||\u00a0\u00bb text_orientation=\u00a0\u00bbcenter\u00a0\u00bb custom_margin=\u00a0\u00bb||20px||false|false\u00a0\u00bb global_colors_info=\u00a0\u00bb{}\u00a0\u00bb]<\/p>\n<h4><span style=\"color: #ffffff;\">Our services<\/span><\/h4>\n<p>[\/et_pb_text][et_pb_text _builder_version=\u00a0\u00bb4.24.2&Prime; text_text_color=\u00a0\u00bb#b3b3b3&Prime; text_orientation=\u00a0\u00bbcenter\u00a0\u00bb custom_margin=\u00a0\u00bb||0px||false|false\u00a0\u00bb link_option_url=\u00a0\u00bbhttps:\/\/www.myflyingbox.com\/transporteurs\/\u00a0\u00bb global_colors_info=\u00a0\u00bb{}\u00a0\u00bb]<\/p>\n<p><a href=\"https:\/\/www.myflyingbox.com\/en\/carriers\/\" title=\"Ship your packages with our carriers\" style=\"color: #b3b3b3;\">Carriers<\/a><\/p>\n<p>[\/et_pb_text][et_pb_text _builder_version=\u00a0\u00bb4.21.0&Prime; _dynamic_attributes=\u00a0\u00bblink_option_url\u00a0\u00bb text_text_color=\u00a0\u00bb#b3b3b3&Prime; text_orientation=\u00a0\u00bbcenter\u00a0\u00bb custom_margin=\u00a0\u00bb||0px||false|false\u00a0\u00bb link_option_url=\u00a0\u00bb@ET-DC@eyJkeW5hbWljIjp0cnVlLCJjb250ZW50IjoicG9zdF9saW5rX3VybF9wYWdlIiwic2V0dGluZ3MiOnsicG9zdF9pZCI6IjEyMjIifX0=@\u00a0\u00bb global_colors_info=\u00a0\u00bb{}\u00a0\u00bb]<\/p>\n<p><a href=\"https:\/\/www.myflyingbox.com\/en\/countries\/\" title=\"International shipping of your packages\" style=\"color: #b3b3b3;\">Countries<\/a><\/p>\n<p>[\/et_pb_text][\/et_pb_column][et_pb_column type=\u00a0\u00bb1_4&Prime; _builder_version=\u00a0\u00bb4.16&Prime; global_colors_info=\u00a0\u00bb{}\u00a0\u00bb][et_pb_text _builder_version=\u00a0\u00bb4.21.0&Prime; text_font=\u00a0\u00bbPoppins||||||||\u00a0\u00bb text_orientation=\u00a0\u00bbcenter\u00a0\u00bb custom_margin=\u00a0\u00bb||20px||false|false\u00a0\u00bb global_colors_info=\u00a0\u00bb{}\u00a0\u00bb]<\/p>\n<h4><span style=\"color: #ffffff;\">Resources<\/span><\/h4>\n<p>[\/et_pb_text][et_pb_text admin_label=\u00a0\u00bbTexte\u00a0\u00bb _builder_version=\u00a0\u00bb4.21.0&Prime; _dynamic_attributes=\u00a0\u00bblink_option_url\u00a0\u00bb text_text_color=\u00a0\u00bb#b3b3b3&Prime; text_orientation=\u00a0\u00bbcenter\u00a0\u00bb custom_margin=\u00a0\u00bb||0px||false|false\u00a0\u00bb link_option_url=\u00a0\u00bb@ET-DC@eyJkeW5hbWljIjp0cnVlLCJjb250ZW50IjoicG9zdF9saW5rX3VybF9wYWdlIiwic2V0dGluZ3MiOnsicG9zdF9pZCI6IjEwMjE1In19@\u00a0\u00bb global_colors_info=\u00a0\u00bb{}\u00a0\u00bb]<\/p>\n<p>Module Prestashop<\/p>\n<p>[\/et_pb_text][et_pb_text admin_label=\u00a0\u00bbTexte\u00a0\u00bb _builder_version=\u00a0\u00bb4.21.0&Prime; text_text_color=\u00a0\u00bb#b3b3b3&Prime; text_orientation=\u00a0\u00bbcenter\u00a0\u00bb custom_margin=\u00a0\u00bb||0px||false|false\u00a0\u00bb link_option_url=\u00a0\u00bbhttps:\/\/dashboard.myflyingbox.com\/fr\/docs\/api\/v2&Prime; global_colors_info=\u00a0\u00bb{}\u00a0\u00bb]<\/p>\n<p>API Documentation<\/p>\n<p>[\/et_pb_text][et_pb_text admin_label=\u00a0\u00bbTexte\u00a0\u00bb _builder_version=\u00a0\u00bb4.21.0&Prime; _dynamic_attributes=\u00a0\u00bblink_option_url\u00a0\u00bb text_text_color=\u00a0\u00bb#b3b3b3&Prime; text_orientation=\u00a0\u00bbcenter\u00a0\u00bb custom_margin=\u00a0\u00bb||0px||false|false\u00a0\u00bb link_option_url=\u00a0\u00bb@ET-DC@eyJkeW5hbWljIjp0cnVlLCJjb250ZW50IjoicG9zdF9saW5rX3VybF9wYWdlIiwic2V0dGluZ3MiOnsicG9zdF9pZCI6IjUyMiJ9fQ==@\u00a0\u00bb global_colors_info=\u00a0\u00bb{}\u00a0\u00bb]<\/p>\n<p>Support<\/p>\n<p>[\/et_pb_text][\/et_pb_column][et_pb_column type=\u00a0\u00bb1_4&Prime; _builder_version=\u00a0\u00bb4.16&Prime; global_colors_info=\u00a0\u00bb{}\u00a0\u00bb][et_pb_text admin_label=\u00a0\u00bbTexte\u00a0\u00bb _builder_version=\u00a0\u00bb4.24.2&Prime; text_font=\u00a0\u00bbPoppins||||||||\u00a0\u00bb text_orientation=\u00a0\u00bbcenter\u00a0\u00bb custom_margin=\u00a0\u00bb||20px||false|false\u00a0\u00bb global_colors_info=\u00a0\u00bb{}\u00a0\u00bb]<\/p>\n<h4><span style=\"color: #ffffff;\">Information<br \/><\/span><\/h4>\n<p>[\/et_pb_text][et_pb_text _builder_version=\u00a0\u00bb4.24.2&Prime; _dynamic_attributes=\u00a0\u00bblink_option_url\u00a0\u00bb text_text_color=\u00a0\u00bb#b3b3b3&Prime; text_orientation=\u00a0\u00bbcenter\u00a0\u00bb custom_margin=\u00a0\u00bb||0px||false|false\u00a0\u00bb link_option_url=\u00a0\u00bb@ET-DC@eyJkeW5hbWljIjp0cnVlLCJjb250ZW50IjoicG9zdF9saW5rX3VybF9wYWdlIiwic2V0dGluZ3MiOnsicG9zdF9pZCI6IjM1MTEifX0=@\u00a0\u00bb global_colors_info=\u00a0\u00bb{}\u00a0\u00bb]<\/p>\n<p>Legal notices<\/p>\n<p>[\/et_pb_text][et_pb_text _builder_version=\u00a0\u00bb4.24.2&Prime; text_text_color=\u00a0\u00bb#b3b3b3&Prime; text_orientation=\u00a0\u00bbcenter\u00a0\u00bb custom_margin=\u00a0\u00bb||0px||false|false\u00a0\u00bb link_option_url=\u00a0\u00bbhttps:\/\/dashboard.myflyingbox.com\/fr\/terms\u00a0\u00bb global_colors_info=\u00a0\u00bb{}\u00a0\u00bb]<\/p>\n<p>General Terms and Conditions<\/p>\n<p>[\/et_pb_text][et_pb_text _builder_version=\u00a0\u00bb4.24.2&Prime; text_text_color=\u00a0\u00bb#b3b3b3&Prime; text_orientation=\u00a0\u00bbcenter\u00a0\u00bb custom_margin=\u00a0\u00bb||0px||false|false\u00a0\u00bb link_option_url=\u00a0\u00bbhttps:\/\/www.myflyingbox.com\/contact-2\/\u00a0\u00bb hover_enabled=\u00a0\u00bb0&Prime; global_colors_info=\u00a0\u00bb{}\u00a0\u00bb sticky_enabled=\u00a0\u00bb0&Prime;]<\/p>\n<p><a href=\"https:\/\/www.myflyingbox.com\/en\/contact\/\" title=\"Contact My Flying Box\" style=\"color: #b3b3b3;\">Contact<\/a><\/p>\n<p>[\/et_pb_text][\/et_pb_column][et_pb_column type=\u00a0\u00bb1_4&Prime; _builder_version=\u00a0\u00bb4.16&Prime; global_colors_info=\u00a0\u00bb{}\u00a0\u00bb][et_pb_text admin_label=\u00a0\u00bbTexte\u00a0\u00bb _builder_version=\u00a0\u00bb4.21.0&Prime; text_font=\u00a0\u00bbPoppins||||||||\u00a0\u00bb text_orientation=\u00a0\u00bbcenter\u00a0\u00bb custom_margin=\u00a0\u00bb||20px||false|false\u00a0\u00bb locked=\u00a0\u00bboff\u00a0\u00bb global_colors_info=\u00a0\u00bb{}\u00a0\u00bb]<\/p>\n<h4><span style=\"color: #ffffff;\">follow us<br \/>\n<\/span><\/h4>\n<p>[\/et_pb_text][et_pb_social_media_follow admin_label=\u00a0\u00bbSuivez-nous sur les r\u00e9seaux sociaux\u00a0\u00bb _builder_version=\u00a0\u00bb4.24.2&Prime; text_orientation=\u00a0\u00bbcenter\u00a0\u00bb global_colors_info=\u00a0\u00bb{}\u00a0\u00bb][et_pb_social_media_follow_network social_network=\u00a0\u00bbfacebook\u00a0\u00bb url=\u00a0\u00bbhttps:\/\/www.facebook.com\/myflyingbox\u00a0\u00bb icon_color=\u00a0\u00bb#242424&Prime; use_icon_font_size=\u00a0\u00bbon\u00a0\u00bb icon_font_size=\u00a0\u00bb20px\u00a0\u00bb _builder_version=\u00a0\u00bb4.21.0&Prime; background_color=\u00a0\u00bb#FFFFFF\u00a0\u00bb background_enable_color=\u00a0\u00bbon\u00a0\u00bb border_radii=\u00a0\u00bbon|7px|7px|7px|7px\u00a0\u00bb global_colors_info=\u00a0\u00bb{}\u00a0\u00bb follow_button=\u00a0\u00bboff\u00a0\u00bb url_new_window=\u00a0\u00bbon\u00a0\u00bb]facebook[\/et_pb_social_media_follow_network][et_pb_social_media_follow_network social_network=\u00a0\u00bbinstagram\u00a0\u00bb url=\u00a0\u00bbhttps:\/\/www.instagram.com\/valerie_mfb\/\u00a0\u00bb icon_color=\u00a0\u00bb#242424&Prime; use_icon_font_size=\u00a0\u00bbon\u00a0\u00bb icon_font_size=\u00a0\u00bb20px\u00a0\u00bb _builder_version=\u00a0\u00bb4.22.2&Prime; _module_preset=\u00a0\u00bbdefault\u00a0\u00bb background_color=\u00a0\u00bb#FFFFFF\u00a0\u00bb background_enable_color=\u00a0\u00bbon\u00a0\u00bb border_radii=\u00a0\u00bbon|7px|7px|7px|7px\u00a0\u00bb global_colors_info=\u00a0\u00bb{}\u00a0\u00bb follow_button=\u00a0\u00bboff\u00a0\u00bb url_new_window=\u00a0\u00bbon\u00a0\u00bb]instagram[\/et_pb_social_media_follow_network][et_pb_social_media_follow_network social_network=\u00a0\u00bblinkedin\u00a0\u00bb url=\u00a0\u00bbhttps:\/\/www.linkedin.com\/in\/val\u00e9rie-de-jesus\/\u00a0\u00bb icon_color=\u00a0\u00bb#242424&Prime; use_icon_font_size=\u00a0\u00bbon\u00a0\u00bb icon_font_size=\u00a0\u00bb20px\u00a0\u00bb _builder_version=\u00a0\u00bb4.24.2&Prime; background_color=\u00a0\u00bb#FFFFFF\u00a0\u00bb background_enable_color=\u00a0\u00bbon\u00a0\u00bb border_radii=\u00a0\u00bbon|7px|7px|7px|7px\u00a0\u00bb global_colors_info=\u00a0\u00bb{}\u00a0\u00bb follow_button=\u00a0\u00bboff\u00a0\u00bb url_new_window=\u00a0\u00bbon\u00a0\u00bb]linkedin[\/et_pb_social_media_follow_network][et_pb_social_media_follow_network social_network=\u00a0\u00bbyoutube\u00a0\u00bb url=\u00a0\u00bbhttps:\/\/www.youtube.com\/channel\/UCsF6h3lIwMw_48Gad6Xsnpg\u00a0\u00bb icon_color=\u00a0\u00bb#242424&Prime; use_icon_font_size=\u00a0\u00bbon\u00a0\u00bb icon_font_size=\u00a0\u00bb20px\u00a0\u00bb _builder_version=\u00a0\u00bb4.24.2&Prime; _module_preset=\u00a0\u00bbdefault\u00a0\u00bb background_color=\u00a0\u00bb#FFFFFF\u00a0\u00bb background_enable_color=\u00a0\u00bbon\u00a0\u00bb border_radii=\u00a0\u00bbon|7px|7px|7px|7px\u00a0\u00bb global_colors_info=\u00a0\u00bb{}\u00a0\u00bb follow_button=\u00a0\u00bboff\u00a0\u00bb url_new_window=\u00a0\u00bbon\u00a0\u00bb]youtube[\/et_pb_social_media_follow_network][\/et_pb_social_media_follow][\/et_pb_column][\/et_pb_row][\/et_pb_section]<\/p>","protected":false},"excerpt":{"rendered":"<p>Nous contacter Du Lundi au Vendredide 8h30 \u00e0 18h30 Service client\u00e8le :+33 4.22.13.18.28    Notre offreTransporteursPaysRessourcesModule PrestashopDocumentation APIAide et assistanceA proposMentions l\u00e9galesCGVContactSuivez-nous<\/p>","protected":false},"author":1,"featured_media":0,"parent":0,"menu_order":0,"comment_status":"closed","ping_status":"closed","template":"","meta":{"_acf_changed":false,"_et_pb_use_builder":"on","_et_pb_old_content":"","_et_gb_content_width":"","content-type":"","footnotes":""},"class_list":["post-1679","page","type-page","status-publish","hentry"],"acf":[],"yoast_head":"<!-- This site is optimized with the Yoast SEO plugin v23.4 - https:\/\/yoast.com\/wordpress\/plugins\/seo\/ -->\n<title>Contactez-nous - MY FLYING BOX<\/title>\n<meta name=\"robots\" content=\"index, follow, max-snippet:-1, max-image-preview:large, max-video-preview:-1\" \/>\n<link rel=\"canonical\" href=\"https:\/\/www.myflyingbox.com\/en\/contact-us\/\" \/>\n<meta property=\"og:locale\" content=\"en_US\" \/>\n<meta property=\"og:type\" content=\"article\" \/>\n<meta property=\"og:title\" content=\"Contactez-nous - MY FLYING BOX\" \/>\n<meta property=\"og:description\" content=\"Nous contacter Du Lundi au Vendredide 8h30 \u00e0 18h30 Service client\u00e8le :+33 4.22.13.18.28  Notre offreTransporteursPaysRessourcesModule PrestashopDocumentation APIAide et assistanceA proposMentions l\u00e9galesCGVContactSuivez-nous\" \/>\n<meta property=\"og:url\" content=\"https:\/\/www.myflyingbox.com\/en\/wp-json\/wp\/v2\/pages\/1679\" \/>\n<meta property=\"og:site_name\" content=\"MY FLYING BOX\" \/>\n<meta property=\"article:publisher\" content=\"https:\/\/www.facebook.com\/myflyingbox\" \/>\n<meta property=\"article:modified_time\" content=\"2024-04-26T07:36:59+00:00\" \/>\n<meta property=\"og:image\" content=\"https:\/\/www.myflyingbox.com\/wp-content\/uploads\/2023\/11\/phone.svg\" \/>\n<meta name=\"twitter:card\" content=\"summary_large_image\" \/>\n<meta name=\"twitter:site\" content=\"@myflyingbox\" \/>\n<meta name=\"twitter:label1\" content=\"Est. reading time\" \/>\n\t<meta name=\"twitter:data1\" content=\"2 minutes\" \/>\n<script type=\"application\/ld+json\" class=\"yoast-schema-graph\">{\"@context\":\"https:\/\/schema.org\",\"@graph\":[{\"@type\":\"WebPage\",\"@id\":\"https:\/\/www.myflyingbox.com\/contact-2\/\",\"url\":\"https:\/\/www.myflyingbox.com\/contact-2\/\",\"name\":\"Contactez-nous - MY FLYING BOX\",\"isPartOf\":{\"@id\":\"https:\/\/www.myflyingbox.com\/#website\"},\"primaryImageOfPage\":{\"@id\":\"https:\/\/www.myflyingbox.com\/contact-2\/#primaryimage\"},\"image\":{\"@id\":\"https:\/\/www.myflyingbox.com\/contact-2\/#primaryimage\"},\"thumbnailUrl\":\"https:\/\/www.myflyingbox.com\/wp-content\/uploads\/2023\/11\/phone.svg\",\"datePublished\":\"2020-01-14T16:00:44+00:00\",\"dateModified\":\"2024-04-26T07:36:59+00:00\",\"breadcrumb\":{\"@id\":\"https:\/\/www.myflyingbox.com\/contact-2\/#breadcrumb\"},\"inLanguage\":\"en-US\",\"potentialAction\":[{\"@type\":\"ReadAction\",\"target\":[\"https:\/\/www.myflyingbox.com\/contact-2\/\"]}]},{\"@type\":\"ImageObject\",\"inLanguage\":\"en-US\",\"@id\":\"https:\/\/www.myflyingbox.com\/contact-2\/#primaryimage\",\"url\":\"https:\/\/www.myflyingbox.com\/wp-content\/uploads\/2023\/11\/phone.svg\",\"contentUrl\":\"https:\/\/www.myflyingbox.com\/wp-content\/uploads\/2023\/11\/phone.svg\"},{\"@type\":\"BreadcrumbList\",\"@id\":\"https:\/\/www.myflyingbox.com\/contact-2\/#breadcrumb\",\"itemListElement\":[{\"@type\":\"ListItem\",\"position\":1,\"name\":\"Accueil\",\"item\":\"https:\/\/www.myflyingbox.com\/\"},{\"@type\":\"ListItem\",\"position\":2,\"name\":\"Contactez-nous\"}]},{\"@type\":\"WebSite\",\"@id\":\"https:\/\/www.myflyingbox.com\/#website\",\"url\":\"https:\/\/www.myflyingbox.com\/\",\"name\":\"MY FLYING BOX\",\"description\":\"La solution intelligente et rapide pour exp\u00e9dier vos colis aux quatre coins du monde\",\"publisher\":{\"@id\":\"https:\/\/www.myflyingbox.com\/#organization\"},\"potentialAction\":[{\"@type\":\"SearchAction\",\"target\":{\"@type\":\"EntryPoint\",\"urlTemplate\":\"https:\/\/www.myflyingbox.com\/?s={search_term_string}\"},\"query-input\":{\"@type\":\"PropertyValueSpecification\",\"valueRequired\":true,\"valueName\":\"search_term_string\"}}],\"inLanguage\":\"en-US\"},{\"@type\":\"Organization\",\"@id\":\"https:\/\/www.myflyingbox.com\/#organization\",\"name\":\"My Flying Box SAS\",\"alternateName\":\"My Flying Box\",\"url\":\"https:\/\/www.myflyingbox.com\/\",\"logo\":{\"@type\":\"ImageObject\",\"inLanguage\":\"en-US\",\"@id\":\"https:\/\/www.myflyingbox.com\/#\/schema\/logo\/image\/\",\"url\":\"https:\/\/www.myflyingbox.com\/wp-content\/uploads\/2022\/05\/logo-baseline.png\",\"contentUrl\":\"https:\/\/www.myflyingbox.com\/wp-content\/uploads\/2022\/05\/logo-baseline.png\",\"width\":1200,\"height\":213,\"caption\":\"My Flying Box SAS\"},\"image\":{\"@id\":\"https:\/\/www.myflyingbox.com\/#\/schema\/logo\/image\/\"},\"sameAs\":[\"https:\/\/www.facebook.com\/myflyingbox\",\"https:\/\/x.com\/myflyingbox\",\"https:\/\/www.linkedin.com\/company\/my-flying-box\",\"https:\/\/www.instagram.com\/my_flying_box\/\"]}]}<\/script>\n<!-- \/ Yoast SEO plugin. -->","yoast_head_json":{"title":"Contactez-nous - MY FLYING BOX","robots":{"index":"index","follow":"follow","max-snippet":"max-snippet:-1","max-image-preview":"max-image-preview:large","max-video-preview":"max-video-preview:-1"},"canonical":"https:\/\/www.myflyingbox.com\/en\/contact-us\/","og_locale":"en_US","og_type":"article","og_title":"Contactez-nous - MY FLYING BOX","og_description":"Nous contacter Du Lundi au Vendredide 8h30 \u00e0 18h30 Service client\u00e8le :+33 4.22.13.18.28  Notre offreTransporteursPaysRessourcesModule PrestashopDocumentation APIAide et assistanceA proposMentions l\u00e9galesCGVContactSuivez-nous","og_url":"https:\/\/www.myflyingbox.com\/en\/wp-json\/wp\/v2\/pages\/1679","og_site_name":"MY FLYING BOX","article_publisher":"https:\/\/www.facebook.com\/myflyingbox","article_modified_time":"2024-04-26T07:36:59+00:00","og_image":[{"url":"https:\/\/www.myflyingbox.com\/wp-content\/uploads\/2023\/11\/phone.svg"}],"twitter_card":"summary_large_image","twitter_site":"@myflyingbox","twitter_misc":{"Est. reading time":"2 minutes"},"schema":{"@context":"https:\/\/schema.org","@graph":[{"@type":"WebPage","@id":"https:\/\/www.myflyingbox.com\/contact-2\/","url":"https:\/\/www.myflyingbox.com\/contact-2\/","name":"Contactez-nous - MY FLYING BOX","isPartOf":{"@id":"https:\/\/www.myflyingbox.com\/#website"},"primaryImageOfPage":{"@id":"https:\/\/www.myflyingbox.com\/contact-2\/#primaryimage"},"image":{"@id":"https:\/\/www.myflyingbox.com\/contact-2\/#primaryimage"},"thumbnailUrl":"https:\/\/www.myflyingbox.com\/wp-content\/uploads\/2023\/11\/phone.svg","datePublished":"2020-01-14T16:00:44+00:00","dateModified":"2024-04-26T07:36:59+00:00","breadcrumb":{"@id":"https:\/\/www.myflyingbox.com\/contact-2\/#breadcrumb"},"inLanguage":"en-US","potentialAction":[{"@type":"ReadAction","target":["https:\/\/www.myflyingbox.com\/contact-2\/"]}]},{"@type":"ImageObject","inLanguage":"en-US","@id":"https:\/\/www.myflyingbox.com\/contact-2\/#primaryimage","url":"https:\/\/www.myflyingbox.com\/wp-content\/uploads\/2023\/11\/phone.svg","contentUrl":"https:\/\/www.myflyingbox.com\/wp-content\/uploads\/2023\/11\/phone.svg"},{"@type":"BreadcrumbList","@id":"https:\/\/www.myflyingbox.com\/contact-2\/#breadcrumb","itemListElement":[{"@type":"ListItem","position":1,"name":"Accueil","item":"https:\/\/www.myflyingbox.com\/"},{"@type":"ListItem","position":2,"name":"Contactez-nous"}]},{"@type":"WebSite","@id":"https:\/\/www.myflyingbox.com\/#website","url":"https:\/\/www.myflyingbox.com\/","name":"MY FLYING BOX","description":"La solution intelligente et rapide pour exp\u00e9dier vos colis aux quatre coins du monde","publisher":{"@id":"https:\/\/www.myflyingbox.com\/#organization"},"potentialAction":[{"@type":"SearchAction","target":{"@type":"EntryPoint","urlTemplate":"https:\/\/www.myflyingbox.com\/?s={search_term_string}"},"query-input":{"@type":"PropertyValueSpecification","valueRequired":true,"valueName":"search_term_string"}}],"inLanguage":"en-US"},{"@type":"Organization","@id":"https:\/\/www.myflyingbox.com\/#organization","name":"My Flying Box SAS","alternateName":"My Flying Box","url":"https:\/\/www.myflyingbox.com\/","logo":{"@type":"ImageObject","inLanguage":"en-US","@id":"https:\/\/www.myflyingbox.com\/#\/schema\/logo\/image\/","url":"https:\/\/www.myflyingbox.com\/wp-content\/uploads\/2022\/05\/logo-baseline.png","contentUrl":"https:\/\/www.myflyingbox.com\/wp-content\/uploads\/2022\/05\/logo-baseline.png","width":1200,"height":213,"caption":"My Flying Box SAS"},"image":{"@id":"https:\/\/www.myflyingbox.com\/#\/schema\/logo\/image\/"},"sameAs":["https:\/\/www.facebook.com\/myflyingbox","https:\/\/x.com\/myflyingbox","https:\/\/www.linkedin.com\/company\/my-flying-box","https:\/\/www.instagram.com\/my_flying_box\/"]}]}},"_links":{"self":[{"href":"https:\/\/www.myflyingbox.com\/en\/wp-json\/wp\/v2\/pages\/1679"}],"collection":[{"href":"https:\/\/www.myflyingbox.com\/en\/wp-json\/wp\/v2\/pages"}],"about":[{"href":"https:\/\/www.myflyingbox.com\/en\/wp-json\/wp\/v2\/types\/page"}],"author":[{"embeddable":true,"href":"https:\/\/www.myflyingbox.com\/en\/wp-json\/wp\/v2\/users\/1"}],"replies":[{"embeddable":true,"href":"https:\/\/www.myflyingbox.com\/en\/wp-json\/wp\/v2\/comments?post=1679"}],"version-history":[{"count":26,"href":"https:\/\/www.myflyingbox.com\/en\/wp-json\/wp\/v2\/pages\/1679\/revisions"}],"predecessor-version":[{"id":13638,"href":"https:\/\/www.myflyingbox.com\/en\/wp-json\/wp\/v2\/pages\/1679\/revisions\/13638"}],"wp:attachment":[{"href":"https:\/\/www.myflyingbox.com\/en\/wp-json\/wp\/v2\/media?parent=1679"}],"curies":[{"name":"wp","href":"https:\/\/api.w.org\/{rel}","templated":true}]}}